{"id":105,"date":"2016-04-14T11:25:22","date_gmt":"2016-04-14T09:25:22","guid":{"rendered":"http:\/\/10.0.0.115\/wordpress\/wptest\/?page_id=105"},"modified":"2025-12-18T15:50:08","modified_gmt":"2025-12-18T14:50:08","slug":"corso-per-odontotecnico","status":"publish","type":"page","link":"https:\/\/www.clerici.lombardia.it\/2.0\/ServiziAllaPersona\/corso-per-odontotecnico\/","title":{"rendered":"Corso per Odontotecnico"},"content":{"rendered":"<p style=\"text-align: justify;\">Il corso per Odontotecnici ha&nbsp;<span style=\"color: #003366;\"><strong>durata quinquennale<\/strong><\/span>&nbsp;e si conclude sia con l\u2019Esame di Stato, sia con&nbsp;<em>l\u2019<\/em><span style=\"color: #003366;\"><strong>Esame di Abilitazione all\u2019esercizio della professione odontotecnica.<\/strong><\/span><\/p>\n<p><!--more--><\/p>\n<p><strong><img decoding=\"async\" loading=\"lazy\" class=\"img-responsive wp-image-106 size-large alignnone\" src=\"https:\/\/www.clerici.lombardia.it\/2.0\/ServiziAllaPersona\/wp-content\/uploads\/2016\/04\/corso-per-odontotecnico.jpg\" alt=\"Corso per Odontotecnico - Fondazione Luigi Clerici\" width=\"720\" height=\"480\"><\/strong><\/p>\n<p><span style=\"font-size: 14pt; color: #003366;\"><strong>FONDAZIONE LUIGI CLERICI&nbsp;<\/strong><strong>\u201cODONTOTECNICO CASATI\u201d<\/strong><\/span><\/p>\n<p>L\u2019Istituto \u201cOdontotecnico Casati\u201d \u00e8 stato fondato nel 1978 ed \u00e8 stato dichiarato&nbsp;paritario&nbsp;da parte del Ministero dell\u2019Istruzione nel 2003.<\/p>\n<p>Una cos\u00ec lunga tradizione non pu\u00f2 che essere fondata sulla qualit\u00e0 dell\u2019insegnamento, sull\u2019attenzione allo studente in quanto tale &#8211; ma anche e soprattutto come persona \u2013 e sulla consapevolezza di dover forgiare dei professionisti seri e competenti.<\/p>\n<p>Nel mese di Marzo 2016 Fondazione Luigi Clerici ha effettuato istanza di riconoscimento di paritario per l\u2019anno scolastico 2016\/2017 presso l\u2019Ufficio Scolastico Regionale per la Lombardia.<\/p>\n<p><span style=\"color: #3366ff;\"><a style=\"color: #3366ff;\" href=\"http:\/\/www.odontotecnicicasati.it\">Visita il Sito<\/a><\/span><\/p>\n<p><span style=\"color: #003366;\"><strong><span style=\"font-size: 14pt;\">Profilo Professionale dell\u2019Odontotecnico:<\/span><\/strong><\/span><\/p>\n<p>Il corso per Odontotecnici ha&nbsp;<span style=\"color: #003366;\"><strong>durata quinquennale<\/strong><\/span>&nbsp;e si conclude sia con l\u2019Esame di Stato, il cui diploma consente l\u2019accesso a tutte le facolt\u00e0 universitarie, sia con&nbsp;l\u2019<strong><span style=\"color: #003366;\">Esame di Abilitazione<\/span> <span style=\"color: #003366;\">all\u2019esercizio della professione odontotecnic<\/span><span style=\"color: #003366;\">a<\/span><\/strong>, il cui superamento consente di ottenere la titolarit\u00e0 di un laboratorio.<\/p>\n<p>Alla conclusione del quinquennio il diplomato odontotecnico detiene le seguenti conoscenze, competenze e capacit\u00e0:<\/p>\n<ul>\n<li>conosce l\u2019anatomia, la fisiologia, le patologie e la funzionalit\u00e0 biomeccanica dell\u2019apparato masticatorio;<\/li>\n<li>conosce la natura dei materiali adottati in campo dentale;<\/li>\n<li>conosce le tecniche per realizzare un manufatto ortodontico;<\/li>\n<li>sa utilizzare apparecchiature per la costruzione delle diverse tipologie protesiche;<\/li>\n<li>sa costruire e assemblare protesi dentali mobili e fisse;<\/li>\n<li>&nbsp;su prescrizione dell\u2019odontoiatra sa redigere una \u201cDichiarazione di conformit\u00e0\u201d in ottemperanza alle normative vigenti;<\/li>\n<li>\u00e8 in grado di leggere e interpretare pubblicazioni e testi tecnici settoriali;<\/li>\n<li>\u00e8 in grado di intraprendere decisioni autonome anche in termini imprenditoriali, essendo a conoscenza delle norme legislative in materia e dei principi fondamentali di diritto e pratica commerciale;<\/li>\n<li>&nbsp;\u00e8 in grado di utilizzare procedure, linguaggi e strumenti adatti a un approccio progettuale e analitico mirato alla soluzione dei problemi.<\/li>\n<\/ul>\n<p><a href=\"https:\/\/www.clerici.lombardia.it\/2.0\/ServiziAllaPersona\/wp-content\/uploads\/2016\/04\/Locandina-promozionale-Odontotecnico-Casati.pdf\" target=\"_blank\" rel=\"noopener noreferrer\"><span style=\"color: #003366; font-size: 14pt;\"><i class=\"fa fa-file-pdf-o fa-2x\"><\/i><strong>Scarica la locandina<\/strong><\/span><\/a><\/p>\n<p><img decoding=\"async\" loading=\"lazy\" class=\"wp-image-249 img-responsive alignright\" src=\"https:\/\/www.clerici.lombardia.it\/2.0\/ServiziAllaPersona\/wp-content\/uploads\/2016\/04\/Servizi-alla-persona.png\" alt=\"Logo Area Servizi alla Persona - Fondazione Luigi Clerici\" width=\"277\" height=\"199\"><\/p>\n","protected":false},"excerpt":{"rendered":"<p>Il corso per Odontotecnici ha&nbsp;durata quinquennale&nbsp;e si conclude sia con l\u2019Esame di Stato, sia con&nbsp;l\u2019Esame di Abilitazione all\u2019esercizio della professione odontotecnica.<\/p>\n","protected":false},"author":2,"featured_media":292,"parent":0,"menu_order":0,"comment_status":"closed","ping_status":"closed","template":"","meta":{"neve_meta_sidebar":"","neve_meta_container":"","neve_meta_enable_content_width":"","neve_meta_content_width":0,"neve_meta_title_alignment":"","neve_meta_author_avatar":"","neve_post_elements_order":"","neve_meta_disable_header":"","neve_meta_disable_footer":"","neve_meta_disable_title":""},"_links":{"self":[{"href":"https:\/\/www.clerici.lombardia.it\/2.0\/ServiziAllaPersona\/wp-json\/wp\/v2\/pages\/105"}],"collection":[{"href":"https:\/\/www.clerici.lombardia.it\/2.0\/ServiziAllaPersona\/wp-json\/wp\/v2\/pages"}],"about":[{"href":"https:\/\/www.clerici.lombardia.it\/2.0\/ServiziAllaPersona\/wp-json\/wp\/v2\/types\/page"}],"author":[{"embeddable":true,"href":"https:\/\/www.clerici.lombardia.it\/2.0\/ServiziAllaPersona\/wp-json\/wp\/v2\/users\/2"}],"replies":[{"embeddable":true,"href":"https:\/\/www.clerici.lombardia.it\/2.0\/ServiziAllaPersona\/wp-json\/wp\/v2\/comments?post=105"}],"version-history":[{"count":56,"href":"https:\/\/www.clerici.lombardia.it\/2.0\/ServiziAllaPersona\/wp-json\/wp\/v2\/pages\/105\/revisions"}],"predecessor-version":[{"id":348,"href":"https:\/\/www.clerici.lombardia.it\/2.0\/ServiziAllaPersona\/wp-json\/wp\/v2\/pages\/105\/revisions\/348"}],"wp:featuredmedia":[{"embeddable":true,"href":"https:\/\/www.clerici.lombardia.it\/2.0\/ServiziAllaPersona\/wp-json\/wp\/v2\/media\/292"}],"wp:attachment":[{"href":"https:\/\/www.clerici.lombardia.it\/2.0\/ServiziAllaPersona\/wp-json\/wp\/v2\/media?parent=105"}],"curies":[{"name":"wp","href":"https:\/\/api.w.org\/{rel}","templated":true}]}}