{"id":179,"date":"2016-04-14T15:04:05","date_gmt":"2016-04-14T13:04:05","guid":{"rendered":"http:\/\/10.0.0.115\/wordpress\/wptest\/?page_id=179"},"modified":"2025-12-18T15:50:07","modified_gmt":"2025-12-18T14:50:07","slug":"corsi-aggiornamento-per-gli-operatori","status":"publish","type":"page","link":"https:\/\/www.clerici.lombardia.it\/2.0\/ServiziAllaPersona\/corsi-aggiornamento-per-gli-operatori\/","title":{"rendered":"Corsi Aggiornamento per gli Operatori"},"content":{"rendered":"<p>&nbsp;<\/p>\n<p><strong><span style=\"font-size: 14pt; color: #003366;\">Corsi di aggiornamento per operatori del settore<\/span><\/strong><\/p>\n<p>I corsi proposti si sviluppano e articolano all\u2019interno di un percorso di approfondimento legato ai problemi assistenziali e relazionali che gli operatori devono affrontare nella difficile quotidianit\u00e0 del lavoro di cura.<\/p>\n<p>Sempre pi\u00f9 spesso, infatti, gli operatori si imbattono in situazioni assistenziali complesse, sia a domicilio che in strutture, che necessitano di conoscenze aggiornate.<\/p>\n<p>Le proposte formative, di durata variabile a seconda della tematica (dalle 8 alle 16 ore circa), cercano di focalizzare alcune tematiche specifiche riferibili alle seguenti macro-tipologie assistenziali e si concludono con il rilascio di un Attestato di frequenza.<\/p>\n<p><span style=\"color: #003366;\"><strong>Il sostegno psicologico alla sofferenza e l\u2019accompagnamento alla morte<\/strong>:<\/span> suggerimenti per prendersi cura di se stessi in ogni situazione di perdita e spunti di riflessione per apprendere come confrontarsi con la fase finale della vita di chi ci \u00e8 vicino.<\/p>\n<p><strong><span style=\"color: #003366;\">Ausili maggiori e ausili minori &#8211; utilizzo nella pratica quotidiana:<\/span><\/strong> il corso si pone l\u2019obiettivo di far apprendere quali sono gli strumenti che permettono di facilitare il lavoro di mobilizzazione e gestione quotidiana di varie tipologie di pazienti, di prendersi cura della salute del lavoratore, migliorando la qualit\u00e0 di vita di entrambi.<\/p>\n<p><strong><span style=\"color: #003366;\">L\u2019assistenza e la cura domiciliare delle persone affette da disturbi mentali:<\/span><\/strong> il corso si rivolge a badanti, assistenti familiari, ASA e OSS ma anche ad educatori e familiari che vogliono approfondire le loro conoscenze sul tema della cura domiciliare di persone affette da disturbi mentali quali: disturbi d\u2019ansia e depressione, nevrosi ossessiva, disturbi di personalit\u00e0, psicosi e schizofrenia.<\/p>\n<p><span style=\"color: #003366;\"><strong>La relazione d\u2019aiuto nella professione: dalla pratica alla teoria:<\/strong><\/span> aiutare gli operatori a riflettere sulla relazione d\u2019aiuto e a scoprirne la valenza professionale.<\/p>\n<p><span style=\"color: #003366;\"><strong>Comprendere e farsi comprendere: elementi di lingua italiana:<\/strong><\/span> la presenza di operatori di lingua non italiana \u00e8 un dato in costante incremento. Il miglioramento delle competenze linguistiche \u00e8 indispensabile per garantire una migliore qualit\u00e0 dell\u2019assistenza.<\/p>\n<p><span style=\"color: #003366;\"><strong>Personale di segreteria e front-office &#8211; L\u2019accoglienza della comunicazione:<\/strong><\/span> affinare le competenze comunicative e relazionali del personale di segreteria, approfondire tematiche quali la comunicazione verbale e non-verbale, la gestione delle telefonate, l\u2019accoglienza del pubblico e la comunicazione via e-mail.<\/p>\n<p><span style=\"color: #003366;\"><strong>Supportare gli operatori:<\/strong><\/span> la prevenzione del burn-out, la gestione delle emozioni e l\u2019incontro con la morte: aiutare gli operatori a gestire le problematiche connesse alla continuit\u00e0 relazionale in situazioni difficili; a comprendere come emozioni e sentimenti debbano convivere nella quotidianit\u00e0 dell\u2019assistenza; ad affrontare il tema della morte, sia per quanto attiene i propri vissuti emozionali, sia sotto l\u2019aspetto tecnico e relazionale.<\/p>\n<p><strong><span style=\"color: #003366;\">Collaborazione, autonomia e responsabilit\u00e0: il ruolo ASA e OSS:<\/span><\/strong> il corso si pone l\u2019obiettivo di approfondire come la nuova figura dell\u2019Operatore Socio Sanitario ponga problemi di integrazione nell\u2019equipe assistenziale in termini di attribuzione di responsabilit\u00e0 e quali possano essere strategie e soluzioni pratico operative.<\/p>\n<p>&nbsp;<\/p>\n<p><span style=\"color: #003366;\"><strong>Sedi di realizzazione:<\/strong><\/span>&nbsp;<a href=\"http:\/\/www.clerici.lombardia.it\/2.0\/Sedi\/Sede.aspx?codicecentro=10062\" target=\"_blank\" rel=\"nofollow noopener noreferrer\">Abbiategrasso,<\/a> <a href=\"http:\/\/www.clerici.lombardia.it\/2.0\/Sedi\/Sede.aspx?codicecentro=36000\" target=\"_blank\" rel=\"nofollow noopener noreferrer\">Besana Brianza, <\/a><a href=\"http:\/\/www.clerici.lombardia.it\/2.0\/Sedi\/Sede.aspx?codicecentro=08060\" target=\"_blank\" rel=\"nofollow noopener noreferrer\">Brugherio<\/a>,&nbsp;<a href=\"http:\/\/www.clerici.lombardia.it\/2.0\/Sedi\/Sede.aspx?codicecentro=01053\" target=\"_blank\" rel=\"nofollow noopener noreferrer\">Lecco<\/a>,&nbsp;<a href=\"http:\/\/www.clerici.lombardia.it\/2.0\/Sedi\/Sede.aspx?codicecentro=06058\" target=\"_blank\" rel=\"nofollow noopener noreferrer\">Lodi<\/a>,&nbsp;<a href=\"http:\/\/www.clerici.lombardia.it\/2.0\/Sedi\/Sede.aspx?codicecentro=01054\" target=\"_blank\" rel=\"nofollow noopener noreferrer\">Merate<\/a>,&nbsp;<a href=\"http:\/\/www.clerici.lombardia.it\/2.0\/Sedi\/Sede.aspx?codicecentro=05057\" target=\"_blank\" rel=\"nofollow noopener noreferrer\">Milano Belloni<\/a>,&nbsp;<a href=\"http:\/\/www.clerici.lombardia.it\/2.0\/Sedi\/Sede.aspx?codicecentro=34000\" target=\"_blank\" rel=\"nofollow noopener noreferrer\">Milano Montecuccoli<\/a>, <a href=\"http:\/\/www.clerici.lombardia.it\/2.0\/Sedi\/Sede.aspx?codicecentro=15000\" target=\"_blank\" rel=\"nofollow noopener noreferrer\">Mortara<\/a>,&nbsp;<a href=\"http:\/\/www.clerici.lombardia.it\/2.0\/Sedi\/Sede.aspx?codicecentro=09061\" target=\"_blank\" rel=\"nofollow noopener noreferrer\">Parabiago<\/a>,&nbsp;<a href=\"http:\/\/www.clerici.lombardia.it\/2.0\/Sedi\/Sede.aspx?codicecentro=11063\" target=\"_blank\" rel=\"nofollow noopener noreferrer\">Pavia<\/a>,&nbsp;<a href=\"http:\/\/www.clerici.lombardia.it\/2.0\/Sedi\/Sede.aspx?codicecentro=07059\" target=\"_blank\" rel=\"nofollow noopener noreferrer\">San Giuliano Milanese<\/a>.<\/p>\n<p><img decoding=\"async\" loading=\"lazy\" class=\"wp-image-249 img-responsive alignright\" src=\"https:\/\/www.clerici.lombardia.it\/2.0\/ServiziAllaPersona\/wp-content\/uploads\/2016\/04\/Servizi-alla-persona.png\" alt=\"Logo Area Servizi alla Persona - Fondazione Luigi Clerici\" width=\"277\" height=\"199\"><\/p>\n","protected":false},"excerpt":{"rendered":"<p>&nbsp; Corsi di aggiornamento per operatori del settore I corsi proposti si sviluppano e articolano all\u2019interno di un percorso di approfondimento legato ai problemi assistenziali e relazionali che gli operatori devono affrontare nella difficile quotidianit\u00e0 del lavoro di cura. Sempre pi\u00f9 spesso, infatti, gli operatori si imbattono in situazioni assistenziali complesse, sia a domicilio che&hellip;&nbsp;<a href=\"https:\/\/www.clerici.lombardia.it\/2.0\/ServiziAllaPersona\/corsi-aggiornamento-per-gli-operatori\/\" class=\"\" rel=\"bookmark\">Leggi tutto &raquo;<span class=\"screen-reader-text\">Corsi Aggiornamento per gli Operatori<\/span><\/a><\/p>\n","protected":false},"author":2,"featured_media":0,"parent":0,"menu_order":0,"comment_status":"closed","ping_status":"closed","template":"","meta":{"neve_meta_sidebar":"","neve_meta_container":"","neve_meta_enable_content_width":"","neve_meta_content_width":0,"neve_meta_title_alignment":"","neve_meta_author_avatar":"","neve_post_elements_order":"","neve_meta_disable_header":"","neve_meta_disable_footer":"","neve_meta_disable_title":""},"_links":{"self":[{"href":"https:\/\/www.clerici.lombardia.it\/2.0\/ServiziAllaPersona\/wp-json\/wp\/v2\/pages\/179"}],"collection":[{"href":"https:\/\/www.clerici.lombardia.it\/2.0\/ServiziAllaPersona\/wp-json\/wp\/v2\/pages"}],"about":[{"href":"https:\/\/www.clerici.lombardia.it\/2.0\/ServiziAllaPersona\/wp-json\/wp\/v2\/types\/page"}],"author":[{"embeddable":true,"href":"https:\/\/www.clerici.lombardia.it\/2.0\/ServiziAllaPersona\/wp-json\/wp\/v2\/users\/2"}],"replies":[{"embeddable":true,"href":"https:\/\/www.clerici.lombardia.it\/2.0\/ServiziAllaPersona\/wp-json\/wp\/v2\/comments?post=179"}],"version-history":[{"count":18,"href":"https:\/\/www.clerici.lombardia.it\/2.0\/ServiziAllaPersona\/wp-json\/wp\/v2\/pages\/179\/revisions"}],"predecessor-version":[{"id":350,"href":"https:\/\/www.clerici.lombardia.it\/2.0\/ServiziAllaPersona\/wp-json\/wp\/v2\/pages\/179\/revisions\/350"}],"wp:attachment":[{"href":"https:\/\/www.clerici.lombardia.it\/2.0\/ServiziAllaPersona\/wp-json\/wp\/v2\/media?parent=179"}],"curies":[{"name":"wp","href":"https:\/\/api.w.org\/{rel}","templated":true}]}}